{"id":456,"date":"2017-12-18T22:25:45","date_gmt":"2017-12-18T22:25:45","guid":{"rendered":"https:\/\/www.hotelniza.com\/?page_id=456"},"modified":"2026-05-07T12:46:39","modified_gmt":"2026-05-07T12:46:39","slug":"home","status":"publish","type":"page","link":"https:\/\/www.hotelniza.com\/fr\/","title":{"rendered":"HOME"},"content":{"rendered":"<\/div><\/div><\/div><!-- close content main div --><\/div><\/div><div id='av_section_1' class='avia-section main_color avia-section-small avia-no-shadow avia-bg-style-scroll  sgs-header  av-small-hide av-mini-hide av-minimum-height av-minimum-height-100 container_wrap fullsize'   ><div class='container' ><div class='template-page content  av-content-full alpha units'><div class='post-entry post-entry-type-page post-entry-456'><div class='entry-content-wrapper clearfix'>\n<section class=\"avia_codeblock_section  avia_code_block_0\"  itemscope=\"itemscope\" itemtype=\"https:\/\/schema.org\/CreativeWork\" ><div class='avia_codeblock '  itemprop=\"text\" > [avia_codeblock_placeholder uid=\"0\"] <\/div><\/section>\n\n<\/div><\/div><\/div><!-- close content main div --><\/div><\/div><div id='full_slider_1' class='avia-fullwidth-slider main_color avia-shadow  av-desktop-hide av-medium-hide   container_wrap fullsize'   ><div  data-size='extra_large'  data-lightbox_size='large'  data-animation='slide'  data-ids='4033,13,4053'  data-video_counter='0'  data-autoplay='false'  data-bg_slider='false'  data-slide_height=''  data-handle='av_slideshow_full'  data-interval='3'  data-class=' '  data-css_id=''  data-scroll_down=''  data-control_layout='av-control-default'  data-custom_markup=''  data-perma_caption=''  data-autoplay_stopper=''  data-image_attachment=''  data-min_height='300px'  data-src=''  data-position='top left'  data-repeat='no-repeat'  data-attach='scroll'  data-stretch=''  data-default-height='100'  class='avia-slideshow avia-slideshow-1  av-control-default av-default-height-applied avia-slideshow-extra_large av_slideshow_full   avia-slide-slider '  itemprop=\"ImageObject\" itemscope=\"itemscope\" itemtype=\"https:\/\/schema.org\/ImageObject\" ><ul class='avia-slideshow-inner' style='padding-bottom: 66.622162883845%;'><li  class=' slide-1 ' ><div data-rel='slideshow-1' class='avia-slide-wrap'  ><img src='https:\/\/www.hotelniza.com\/wp-content\/uploads\/2025\/01\/FACHADA-MAR-ZP5G2459-DEF-1.jpg' width='1498' height='998' title='FACHADA MAR ZP5G2459 DEF' alt=''  itemprop=\"thumbnailUrl\"  style='min-height:300px; min-width:451px; ' \/><\/div><\/li><li  class=' slide-2 ' ><div data-rel='slideshow-1' class='avia-slide-wrap'  ><img src='https:\/\/www.hotelniza.com\/wp-content\/uploads\/2017\/12\/home-1-1500x771.jpg' width='1500' height='771' title='home' alt=''  itemprop=\"thumbnailUrl\"  style='min-height:300px; min-width:584px; ' \/><\/div><\/li><li  class=' slide-3 ' ><div data-rel='slideshow-1' class='avia-slide-wrap'  ><img src='https:\/\/www.hotelniza.com\/wp-content\/uploads\/2025\/01\/5-FACHADA-LADO-MAR-1500x1000.jpg' width='1500' height='1000' title='5-FACHADA LADO MAR' alt=''  itemprop=\"thumbnailUrl\"  style='min-height:300px; min-width:450px; ' \/><\/div><\/li><\/ul><div class='avia-slideshow-arrows avia-slideshow-controls'><a href='#prev' class='prev-slide' aria-hidden='true' data-av_icon='\ue87c' data-av_iconfont='entypo-fontello'>Pr\u00e9c\u00e9dent<\/a><a href='#next' class='next-slide' aria-hidden='true' data-av_icon='\ue87d' data-av_iconfont='entypo-fontello'>Suivant<\/a><\/div><div class='avia-slideshow-dots avia-slideshow-controls'><a href='#1' class='goto-slide active' >1<\/a><a href='#2' class='goto-slide ' >2<\/a><a href='#3' class='goto-slide ' >3<\/a><\/div><\/div><\/div>\n<div class=\"flex_column av_one_full  flex_column_div first   \" style='padding:6px 0px 6px 0px ; border-radius:0px; '><div class='avia-button-wrap avia-button-center  '><a href='https:\/\/engine.witbooking.com\/hotelniza.com\/availability' class='avia-button avia-button-fullwidth  av-desktop-hide av-medium-hide  avia-icon_select-yes-left-icon avia-color-black '  style='color:#ffffff; ' ><span class='avia_button_icon avia_button_icon_left ' aria-hidden='true' data-av_icon='\uf073' data-av_iconfont='fontawesome'><\/span><span class='avia_iconbox_title' >R\u00c9SERVER MAINTENANT<\/span><span class='avia_button_background avia-button avia-button-fullwidth avia-color-theme-color-highlight' ><\/span><\/a><\/div><\/div>\n<div class=\"flex_column av_one_full  flex_column_div first   \" style='margin-top:25px; margin-bottom:0px; padding:1% 15% 1% 15% ; border-radius:0px; '><p><div style='height:25px' class='hr hr-invisible  av-small-hide av-mini-hide  '><span class='hr-inner ' ><span class='hr-inner-style'><\/span><\/span><\/div><br \/>\n<section class=\"av_textblock_section \"  itemscope=\"itemscope\" itemtype=\"https:\/\/schema.org\/CreativeWork\" ><div class='avia_textblock  '   itemprop=\"text\" ><h2 class=\"titulo-h2\" style=\"text-align: center;\">\u00ab UN LIEU UNIQUE AU MONDE \u00bb<\/h2>\n<h3 class=\"titulo-h3-2\" style=\"text-align: center;\">UN ESPACE O\u00d9 RESPIRE L\u2019\u0152UVRE DE CHILLIDA.<\/h3>\n<p style=\"text-align: center;\">Bienvenue dans le seul h\u00f4tel de Saint-S\u00e9bastien qui vous offre une invitation au mus\u00e9e Chillida Leku pour toute r\u00e9servation effectu\u00e9e sur notre site internet.<\/p>\n<\/div><\/section><br \/>\n<div class='avia-gallery  av-desktop-hide av-medium-hide avia-gallery-1 avia_lazyload avia_animate_when_visible  '  itemprop=\"ImageObject\" itemscope=\"itemscope\" itemtype=\"https:\/\/schema.org\/ImageObject\" ><div class='avia-gallery-thumb'> <a href='https:\/\/www.hotelniza.com\/wp-content\/uploads\/2026\/05\/2-1030x580.jpg' data-rel='gallery-1' data-prev-img='https:\/\/www.hotelniza.com\/wp-content\/uploads\/2026\/05\/2-495x400.jpg' class='first_thumb avianolink noLightbox ' data-onclick='1' title=''  itemprop=\"thumbnailUrl\" ><img  src='https:\/\/www.hotelniza.com\/wp-content\/uploads\/2026\/05\/2-845x321.jpg' width='845' height='321'  title='2' alt='' \/><\/a> <a href='https:\/\/www.hotelniza.com\/wp-content\/uploads\/2026\/05\/1-1030x580.jpg' data-rel='gallery-1' data-prev-img='https:\/\/www.hotelniza.com\/wp-content\/uploads\/2026\/05\/1-495x400.jpg' class='first_thumb avianolink noLightbox ' data-onclick='2' title=''  itemprop=\"thumbnailUrl\" ><img  src='https:\/\/www.hotelniza.com\/wp-content\/uploads\/2026\/05\/1-845x321.jpg' width='845' height='321'  title='1' alt='' \/><\/a><\/div><\/div><br \/>\n<div class='avia-gallery  av-small-hide av-mini-hide avia-gallery-2 avia_lazyload avia_animate_when_visible  '  itemprop=\"ImageObject\" itemscope=\"itemscope\" itemtype=\"https:\/\/schema.org\/ImageObject\" ><div class='avia-gallery-thumb'> <a href='https:\/\/www.hotelniza.com\/wp-content\/uploads\/2026\/05\/2-1030x580.jpg' data-rel='gallery-2' data-prev-img='https:\/\/www.hotelniza.com\/wp-content\/uploads\/2026\/05\/2-495x400.jpg' class='first_thumb avianolink noLightbox ' data-onclick='1' title=''  itemprop=\"thumbnailUrl\" ><img  src='https:\/\/www.hotelniza.com\/wp-content\/uploads\/2026\/05\/2-845x321.jpg' width='845' height='321'  title='2' alt='' \/><\/a> <a href='https:\/\/www.hotelniza.com\/wp-content\/uploads\/2026\/05\/1-1030x580.jpg' data-rel='gallery-2' data-prev-img='https:\/\/www.hotelniza.com\/wp-content\/uploads\/2026\/05\/1-495x400.jpg' class='avianolink noLightbox ' data-onclick='2' title=''  itemprop=\"thumbnailUrl\" ><img  src='https:\/\/www.hotelniza.com\/wp-content\/uploads\/2026\/05\/1-845x321.jpg' width='845' height='321'  title='1' alt='' \/><\/a><\/div><\/div><br \/>\n<section class=\"av_textblock_section \"  itemscope=\"itemscope\" itemtype=\"https:\/\/schema.org\/CreativeWork\" ><div class='avia_textblock  '   itemprop=\"text\" ><p style=\"text-align: center;\"><em>Pour une dur\u00e9e limit\u00e9e, <strong>tous les clients de l&rsquo;H\u00f4tel Niza ayant r\u00e9serv\u00e9 via ce site recevront des entr\u00e9es gratuites<\/strong> pour visiter le<strong> mus\u00e9e Chillida Leku<\/strong>.<\/em><\/p>\n<p style=\"text-align: center;\">. . .<\/p>\n<\/div><\/section><br \/>\n<div style='height:25px' class='hr hr-invisible  av-small-hide av-mini-hide  '><span class='hr-inner ' ><span class='hr-inner-style'><\/span><\/span><\/div><\/p><\/div><div class='avia-gallery  av-small-hide av-mini-hide avia-gallery-3 avia_lazyload avia_animate_when_visible  '  itemprop=\"ImageObject\" itemscope=\"itemscope\" itemtype=\"https:\/\/schema.org\/ImageObject\" ><div class='avia-gallery-thumb'> <a href='https:\/\/www.hotelniza.com\/wp-content\/uploads\/2018\/09\/13-hotel-niza-hall-3.jpg' data-rel='gallery-3' data-prev-img='https:\/\/www.hotelniza.com\/wp-content\/uploads\/2018\/09\/13-hotel-niza-hall-3-495x400.jpg' class='first_thumb lightbox ' data-onclick='1' title='ENTRADA'  itemprop=\"thumbnailUrl\" ><img data-avia-tooltip='ENTRADA' src='https:\/\/www.hotelniza.com\/wp-content\/uploads\/2018\/09\/13-hotel-niza-hall-3-495x400.jpg' width='495' height='400'  title='13-hotel-niza-hall-3' alt='' \/><\/a> <a href='https:\/\/www.hotelniza.com\/wp-content\/uploads\/2018\/09\/08-hotel-niza-recepcion.jpg' data-rel='gallery-3' data-prev-img='https:\/\/www.hotelniza.com\/wp-content\/uploads\/2018\/09\/08-hotel-niza-recepcion-495x400.jpg' class='lightbox ' data-onclick='2' title='Rezepzioa'  itemprop=\"thumbnailUrl\" ><img data-avia-tooltip='Rezepzioa' src='https:\/\/www.hotelniza.com\/wp-content\/uploads\/2018\/09\/08-hotel-niza-recepcion-495x400.jpg' width='495' height='400'  title='08-hotel-niza-recepcion' alt='' \/><\/a> <a href='https:\/\/www.hotelniza.com\/wp-content\/uploads\/2026\/01\/Hall-1030x687.jpg' data-rel='gallery-3' data-prev-img='https:\/\/www.hotelniza.com\/wp-content\/uploads\/2026\/01\/Hall-495x400.jpg' class='lightbox ' data-onclick='3' title=''  itemprop=\"thumbnailUrl\" ><img  src='https:\/\/www.hotelniza.com\/wp-content\/uploads\/2026\/01\/Hall-495x400.jpg' width='495' height='400'  title='Hall' alt='' \/><\/a> <a href='https:\/\/www.hotelniza.com\/wp-content\/uploads\/2026\/01\/Habitacion-3-1030x687.jpg' data-rel='gallery-3' data-prev-img='https:\/\/www.hotelniza.com\/wp-content\/uploads\/2026\/01\/Habitacion-3-495x400.jpg' class='lightbox ' data-onclick='4' title=''  itemprop=\"thumbnailUrl\" ><img  src='https:\/\/www.hotelniza.com\/wp-content\/uploads\/2026\/01\/Habitacion-3-495x400.jpg' width='495' height='400'  title='Habitaci\u00f3n 3' alt='' \/><\/a> <a href='https:\/\/www.hotelniza.com\/wp-content\/uploads\/2018\/06\/hotel-niza-terraza-2.jpg' data-rel='gallery-3' data-prev-img='https:\/\/www.hotelniza.com\/wp-content\/uploads\/2018\/06\/hotel-niza-terraza-2-495x400.jpg' class='lightbox ' data-onclick='5' title=''  itemprop=\"thumbnailUrl\" ><img  src='https:\/\/www.hotelniza.com\/wp-content\/uploads\/2018\/06\/hotel-niza-terraza-2-495x400.jpg' width='495' height='400'  title='hotel-niza-terraza-2' alt='' \/><\/a> <a href='https:\/\/www.hotelniza.com\/wp-content\/uploads\/2025\/01\/1-FACHADA-ENTRADA-1030x697.jpg' data-rel='gallery-3' data-prev-img='https:\/\/www.hotelniza.com\/wp-content\/uploads\/2025\/01\/1-FACHADA-ENTRADA-495x400.jpg' class='first_thumb lightbox ' data-onclick='6' title=''  itemprop=\"thumbnailUrl\" ><img  src='https:\/\/www.hotelniza.com\/wp-content\/uploads\/2025\/01\/1-FACHADA-ENTRADA-495x400.jpg' width='495' height='400'  title='1-FACHADA ENTRADA' alt='' \/><\/a> <a href='https:\/\/www.hotelniza.com\/wp-content\/uploads\/2025\/01\/MG_0729-copia-1030x687.jpg' data-rel='gallery-3' data-prev-img='https:\/\/www.hotelniza.com\/wp-content\/uploads\/2025\/01\/MG_0729-copia-495x400.jpg' class='lightbox ' data-onclick='7' title=''  itemprop=\"thumbnailUrl\" ><img  src='https:\/\/www.hotelniza.com\/wp-content\/uploads\/2025\/01\/MG_0729-copia-495x400.jpg' width='495' height='400'  title='_MG_0729 - copia' alt='' \/><\/a> <a href='https:\/\/www.hotelniza.com\/wp-content\/uploads\/2025\/01\/PECERA_P5G0430-1030x687.jpg' data-rel='gallery-3' data-prev-img='https:\/\/www.hotelniza.com\/wp-content\/uploads\/2025\/01\/PECERA_P5G0430-495x400.jpg' class='lightbox ' data-onclick='8' title=''  itemprop=\"thumbnailUrl\" ><img  src='https:\/\/www.hotelniza.com\/wp-content\/uploads\/2025\/01\/PECERA_P5G0430-495x400.jpg' width='495' height='400'  title='PECERA_P5G0430' alt='' \/><\/a> <a href='https:\/\/www.hotelniza.com\/wp-content\/uploads\/2025\/01\/BAR_P5G0432-1030x687.jpg' data-rel='gallery-3' data-prev-img='https:\/\/www.hotelniza.com\/wp-content\/uploads\/2025\/01\/BAR_P5G0432-495x400.jpg' class='lightbox ' data-onclick='9' title=''  itemprop=\"thumbnailUrl\" ><img  src='https:\/\/www.hotelniza.com\/wp-content\/uploads\/2025\/01\/BAR_P5G0432-495x400.jpg' width='495' height='400'  title='BAR_P5G0432' alt='' \/><\/a> <a href='https:\/\/www.hotelniza.com\/wp-content\/uploads\/2025\/01\/6-1030x686.jpg' data-rel='gallery-3' data-prev-img='https:\/\/www.hotelniza.com\/wp-content\/uploads\/2025\/01\/6-495x400.jpg' class='lightbox ' data-onclick='10' title=''  itemprop=\"thumbnailUrl\" ><img  src='https:\/\/www.hotelniza.com\/wp-content\/uploads\/2025\/01\/6-495x400.jpg' width='495' height='400'  title='6' alt='' \/><\/a><\/div><\/div><\/p>\n<div class='avia-gallery  av-desktop-hide av-medium-hide avia-gallery-4 avia_lazyload avia_animate_when_visible  '  itemprop=\"ImageObject\" itemscope=\"itemscope\" itemtype=\"https:\/\/schema.org\/ImageObject\" ><a class='avia-gallery-big fakeLightbox lightbox avia-gallery-big-crop-thumb ' href='https:\/\/www.hotelniza.com\/wp-content\/uploads\/2018\/09\/13-hotel-niza-hall-3.jpg'  data-onclick='1' title='ENTRADA' ><span class='avia-gallery-big-inner'  itemprop=\"thumbnailUrl\" >\t<img width='900' height='600' src='https:\/\/www.hotelniza.com\/wp-content\/uploads\/2018\/09\/13-hotel-niza-hall-3.jpg' title='13-hotel-niza-hall-3' alt='' \/>\t<span class='avia-gallery-caption'>ENTRADA<\/span><\/span><\/a><div class='avia-gallery-thumb'> <a href='https:\/\/www.hotelniza.com\/wp-content\/uploads\/2018\/09\/13-hotel-niza-hall-3.jpg' data-rel='gallery-4' data-prev-img='https:\/\/www.hotelniza.com\/wp-content\/uploads\/2018\/09\/13-hotel-niza-hall-3.jpg' class='first_thumb lightbox ' data-onclick='1' title='ENTRADA'  itemprop=\"thumbnailUrl\" ><img data-avia-tooltip='ENTRADA' src='https:\/\/www.hotelniza.com\/wp-content\/uploads\/2018\/09\/13-hotel-niza-hall-3-260x185.jpg' width='260' height='185'  title='13-hotel-niza-hall-3' alt='' \/><\/a> <a href='https:\/\/www.hotelniza.com\/wp-content\/uploads\/2018\/09\/08-hotel-niza-recepcion.jpg' data-rel='gallery-4' data-prev-img='https:\/\/www.hotelniza.com\/wp-content\/uploads\/2018\/09\/08-hotel-niza-recepcion.jpg' class='lightbox ' data-onclick='2' title='Rezepzioa'  itemprop=\"thumbnailUrl\" ><img data-avia-tooltip='Rezepzioa' src='https:\/\/www.hotelniza.com\/wp-content\/uploads\/2018\/09\/08-hotel-niza-recepcion-260x185.jpg' width='260' height='185'  title='08-hotel-niza-recepcion' alt='' \/><\/a> <a href='https:\/\/www.hotelniza.com\/wp-content\/uploads\/2026\/01\/Hall-1030x687.jpg' data-rel='gallery-4' data-prev-img='https:\/\/www.hotelniza.com\/wp-content\/uploads\/2026\/01\/Hall.jpg' class='lightbox ' data-onclick='3' title=''  itemprop=\"thumbnailUrl\" ><img  src='https:\/\/www.hotelniza.com\/wp-content\/uploads\/2026\/01\/Hall-260x185.jpg' width='260' height='185'  title='Hall' alt='' \/><\/a> <a href='https:\/\/www.hotelniza.com\/wp-content\/uploads\/2026\/01\/Habitacion-3-1030x687.jpg' data-rel='gallery-4' data-prev-img='https:\/\/www.hotelniza.com\/wp-content\/uploads\/2026\/01\/Habitacion-3.jpg' class='lightbox ' data-onclick='4' title=''  itemprop=\"thumbnailUrl\" ><img  src='https:\/\/www.hotelniza.com\/wp-content\/uploads\/2026\/01\/Habitacion-3-260x185.jpg' width='260' height='185'  title='Habitaci\u00f3n 3' alt='' \/><\/a> <a href='https:\/\/www.hotelniza.com\/wp-content\/uploads\/2018\/06\/hotel-niza-terraza-2.jpg' data-rel='gallery-4' data-prev-img='https:\/\/www.hotelniza.com\/wp-content\/uploads\/2018\/06\/hotel-niza-terraza-2.jpg' class='lightbox ' data-onclick='5' title=''  itemprop=\"thumbnailUrl\" ><img  src='https:\/\/www.hotelniza.com\/wp-content\/uploads\/2018\/06\/hotel-niza-terraza-2-260x185.jpg' width='260' height='185'  title='hotel-niza-terraza-2' alt='' \/><\/a> <a href='https:\/\/www.hotelniza.com\/wp-content\/uploads\/2025\/01\/MG_0729-copia-1030x687.jpg' data-rel='gallery-4' data-prev-img='https:\/\/www.hotelniza.com\/wp-content\/uploads\/2025\/01\/MG_0729-copia.jpg' class='first_thumb lightbox ' data-onclick='6' title=''  itemprop=\"thumbnailUrl\" ><img  src='https:\/\/www.hotelniza.com\/wp-content\/uploads\/2025\/01\/MG_0729-copia-260x185.jpg' width='260' height='185'  title='_MG_0729 - copia' alt='' \/><\/a> <a href='https:\/\/www.hotelniza.com\/wp-content\/uploads\/2025\/01\/PECERA_P5G0430-1030x687.jpg' data-rel='gallery-4' data-prev-img='https:\/\/www.hotelniza.com\/wp-content\/uploads\/2025\/01\/PECERA_P5G0430.jpg' class='lightbox ' data-onclick='7' title=''  itemprop=\"thumbnailUrl\" ><img  src='https:\/\/www.hotelniza.com\/wp-content\/uploads\/2025\/01\/PECERA_P5G0430-260x185.jpg' width='260' height='185'  title='PECERA_P5G0430' alt='' \/><\/a> <a href='https:\/\/www.hotelniza.com\/wp-content\/uploads\/2025\/01\/1-FACHADA-ENTRADA-1030x697.jpg' data-rel='gallery-4' data-prev-img='https:\/\/www.hotelniza.com\/wp-content\/uploads\/2025\/01\/1-FACHADA-ENTRADA-scaled.jpg' class='lightbox ' data-onclick='8' title=''  itemprop=\"thumbnailUrl\" ><img  src='https:\/\/www.hotelniza.com\/wp-content\/uploads\/2025\/01\/1-FACHADA-ENTRADA-260x185.jpg' width='260' height='185'  title='1-FACHADA ENTRADA' alt='' \/><\/a> <a href='https:\/\/www.hotelniza.com\/wp-content\/uploads\/2025\/01\/BAR_P5G0432-1030x687.jpg' data-rel='gallery-4' data-prev-img='https:\/\/www.hotelniza.com\/wp-content\/uploads\/2025\/01\/BAR_P5G0432.jpg' class='lightbox ' data-onclick='9' title=''  itemprop=\"thumbnailUrl\" ><img  src='https:\/\/www.hotelniza.com\/wp-content\/uploads\/2025\/01\/BAR_P5G0432-260x185.jpg' width='260' height='185'  title='BAR_P5G0432' alt='' \/><\/a> <a href='https:\/\/www.hotelniza.com\/wp-content\/uploads\/2025\/01\/6-1030x686.jpg' data-rel='gallery-4' data-prev-img='https:\/\/www.hotelniza.com\/wp-content\/uploads\/2025\/01\/6-scaled.jpg' class='lightbox ' data-onclick='10' title=''  itemprop=\"thumbnailUrl\" ><img  src='https:\/\/www.hotelniza.com\/wp-content\/uploads\/2025\/01\/6-260x185.jpg' width='260' height='185'  title='6' alt='' \/><\/a><\/div><\/div>\n<section class=\"avia_codeblock_section  avia_code_block_1\"  itemscope=\"itemscope\" itemtype=\"https:\/\/schema.org\/CreativeWork\" ><div class='avia_codeblock '  itemprop=\"text\" > [avia_codeblock_placeholder uid=\"1\"] <\/div><\/section>\n<div class='avia-button-wrap avia-button-center  '><a href='https:\/\/engine.witbooking.com\/hotelniza.com\/availability' class='avia-button avia-button-fullwidth  av-desktop-hide av-medium-hide  avia-icon_select-yes-left-icon avia-color-black '  style='color:#ffffff; ' ><span class='avia_button_icon avia_button_icon_left ' aria-hidden='true' data-av_icon='\uf073' data-av_iconfont='fontawesome'><\/span><span class='avia_iconbox_title' >R\u00c9SERVER MAINTENANT<\/span><span class='avia_button_background avia-button avia-button-fullwidth avia-color-theme-color-highlight' ><\/span><\/a><\/div>\n<\/div><\/div><\/div><!-- close content main div --><\/div><\/div><div id='av-layout-grid-1' class='av-layout-grid-container entry-content-wrapper main_color av-flex-cells    fondo-gris container_wrap fullsize'   >\n<div class=\"flex_cell no_margin av_one_half    \" style='vertical-align:top; padding:30px; '><div class='flex_cell_inner' ><section class=\"av_textblock_section \"  itemscope=\"itemscope\" itemtype=\"https:\/\/schema.org\/CreativeWork\" ><div class='avia_textblock  '   itemprop=\"text\" ><p class=\"texto-interno\">Situ\u00e9 id\u00e9alement au bord de la plage de La Concha,<b> l\u2019h\u00f4tel Niza de Saint-S\u00e9bastien<\/b> est un h\u00f4tel familial de r\u00e9f\u00e9rence offrant tout ce dont vous avez besoin : des chambres avec vue sur la baie, une proposition gastronomique qui vous invite \u00e0 profiter de vos cinq sens, et la magie de l\u2019une des plus belles villes du monde \u00e0 port\u00e9e de main.<\/p>\n<p><img loading=\"lazy\" decoding=\"async\" class=\"alignnone wp-image-3918\" src=\"https:\/\/www.hotelniza.com\/wp-content\/uploads\/2024\/12\/Logo-GV.png\" alt=\"\" width=\"178\" height=\"101\" srcset=\"https:\/\/www.hotelniza.com\/wp-content\/uploads\/2024\/12\/Logo-GV.png 1070w, https:\/\/www.hotelniza.com\/wp-content\/uploads\/2024\/12\/Logo-GV-300x171.png 300w, https:\/\/www.hotelniza.com\/wp-content\/uploads\/2024\/12\/Logo-GV-1030x588.png 1030w, https:\/\/www.hotelniza.com\/wp-content\/uploads\/2024\/12\/Logo-GV-768x439.png 768w, https:\/\/www.hotelniza.com\/wp-content\/uploads\/2024\/12\/Logo-GV-705x403.png 705w, https:\/\/www.hotelniza.com\/wp-content\/uploads\/2024\/12\/Logo-GV-450x257.png 450w\" sizes=\"(max-width: 178px) 100vw, 178px\" \/><\/p>\n<\/div><\/section>\n<\/div><\/div><div class=\"flex_cell no_margin av_one_fourth    \" style='vertical-align:top; padding:30px; '><div class='flex_cell_inner' ><section class=\"av_textblock_section \"  itemscope=\"itemscope\" itemtype=\"https:\/\/schema.org\/CreativeWork\" ><div class='avia_textblock  '   itemprop=\"text\" ><h3 class=\"titulo-subrayado\">RUBRIQUES<\/h3>\n<\/div><\/section><br \/>\n<div style=' margin-top:0px; margin-bottom:2px;'  class='hr hr-custom hr-left hr-icon-no   '><span class='hr-inner   inner-border-av-border-thin' style=' width:155px; border-color:#000000;' ><span class='hr-inner-style'><\/span><\/span><\/div><br \/>\n<section class=\"av_textblock_section \"  itemscope=\"itemscope\" itemtype=\"https:\/\/schema.org\/CreativeWork\" ><div class='avia_textblock  '   itemprop=\"text\" ><div class=\"enlaces-footer\">\n<ul class=\"lista\">\n<li><a href=\"\/fr\/lhotel\/\">L\u2019H\u00d4TEL<\/a><\/li>\n<li><a href=\"\/fr\/saint-sebastien\/\">SAINT-S\u00c9BASTIEN<\/a><\/li>\n<li><a href=\"\/\/fr\/gastronomie\/\">GASTRONOMIE<\/a><\/li>\n<li><a href=\"\/fr\/offrez-un-sejour-niza\/\">OFFREZ UN S\u00c9JOUR NIZA<\/a><\/li>\n<li><a href=\"\/fr\/contact\/\">CONTACT<\/a><\/li>\n<\/ul>\n<\/div>\n<\/div><\/section><\/p>\n<\/div><\/div><div class=\"flex_cell no_margin av_one_fourth    \" style='vertical-align:top; padding:30px; '><div class='flex_cell_inner' ><section class=\"av_textblock_section \"  itemscope=\"itemscope\" itemtype=\"https:\/\/schema.org\/CreativeWork\" ><div class='avia_textblock  '   itemprop=\"text\" ><h3 class=\"titulo-h3\">CONTACT<\/h3>\n<\/div><\/section><br \/>\n<div class='avia-icon-list-container   '><ul class='avia-icon-list avia-icon-list-left av-iconlist-small avia_animate_when_almost_visible'>\n<li><div  style='background-color:#cccccc; color:#000000; ' class='iconlist_icon  avia-font-entypo-fontello'><span class='iconlist-char ' aria-hidden='true' data-av_icon='\ue842' data-av_iconfont='entypo-fontello'><\/span><\/div><article class=\"article-icon-entry \"  itemscope=\"itemscope\" itemtype=\"https:\/\/schema.org\/CreativeWork\" ><div class='iconlist_content_wrap'><header class=\"entry-content-header\"><\/header><div class='iconlist_content  '  itemprop=\"text\"   style='font-size:17px; '><p>C\/ Zubieta 56, 20007<br \/>\nSan Sebati\u00e1n, Guipuzcoa<\/p>\n<\/div><\/div><footer class=\"entry-footer\"><\/footer><\/article><div class='iconlist-timeline'><\/div><\/li>\n<li><div  style='background-color:#cccccc; color:#000000; ' class='iconlist_icon  avia-font-entypo-fontello'><span class='iconlist-char ' aria-hidden='true' data-av_icon='\ue854' data-av_iconfont='entypo-fontello'><\/span><\/div><article class=\"article-icon-entry \"  itemscope=\"itemscope\" itemtype=\"https:\/\/schema.org\/CreativeWork\" ><div class='iconlist_content_wrap'><header class=\"entry-content-header\"><\/header><div class='iconlist_content  '  itemprop=\"text\"   style='font-size:17px; '><p>0034 943 426 663<\/p>\n<\/div><\/div><footer class=\"entry-footer\"><\/footer><\/article><div class='iconlist-timeline'><\/div><\/li>\n<li><div  style='background-color:#cccccc; color:#000000; ' class='iconlist_icon  avia-font-entypo-fontello'><span class='iconlist-char ' aria-hidden='true' data-av_icon='\ue805' data-av_iconfont='entypo-fontello'><\/span><\/div><article class=\"article-icon-entry \"  itemscope=\"itemscope\" itemtype=\"https:\/\/schema.org\/CreativeWork\" ><div class='iconlist_content_wrap'><header class=\"entry-content-header\"><\/header><div class='iconlist_content  '  itemprop=\"text\"   style='font-size:17px; '><p>reservas@hotelniza.com<br \/>\nLRH : HSS00003<\/p>\n<\/div><\/div><footer class=\"entry-footer\"><\/footer><\/article><div class='iconlist-timeline'><\/div><\/li>\n<\/ul><\/div><\/p>\n<\/div><\/div>\n<\/div>\n<\/div><\/div><\/div><!-- close content main div --><\/div><\/div><div id='av-layout-grid-2' class='av-layout-grid-container entry-content-wrapper main_color av-flex-cells    fondo-negro container_wrap fullsize'   >\n<div class=\"flex_cell no_margin av_one_fifth   \" style='vertical-align:top; padding:30px; '><div class='flex_cell_inner' ><section class=\"av_textblock_section \"  itemscope=\"itemscope\" itemtype=\"https:\/\/schema.org\/CreativeWork\" ><div class='avia_textblock  '   itemprop=\"text\" ><p class=\"texto-copy\">\u00a9 Hotel Niza 2023<\/p>\n<\/div><\/section>\n<\/div><\/div><div class=\"flex_cell no_margin av_three_fifth   \" style='vertical-align:top; padding:30px; '><div class='flex_cell_inner' ><section class=\"av_textblock_section \"  itemscope=\"itemscope\" itemtype=\"https:\/\/schema.org\/CreativeWork\" ><div class='avia_textblock  '   itemprop=\"text\" ><p class=\"texto-legales\"><a href=\"\/proteccion-de-datos\/\">Protecci\u00f3n de Datos<\/a> | <a href=\"\/politica-de-cookies\/\">Pol\u00edtica de cookies<\/a> | <a href=\"\/aviso-legal\/\">Aviso Legal<\/a><\/p>\n<\/div><\/section>\n<\/div><\/div><div class=\"flex_cell no_margin av_one_fifth   \" style='vertical-align:top; padding:30px; '><div class='flex_cell_inner' ><section class=\"avia_codeblock_section  avia_code_block_2\"  itemscope=\"itemscope\" itemtype=\"https:\/\/schema.org\/CreativeWork\" ><div class='avia_codeblock '  itemprop=\"text\" > [avia_codeblock_placeholder uid=\"2\"] <\/div><\/section>\n<\/div><\/div>\n<\/div>\n","protected":false},"excerpt":{"rendered":"","protected":false},"author":1,"featured_media":1470,"parent":0,"menu_order":0,"comment_status":"closed","ping_status":"closed","template":"","meta":{"footnotes":""},"_links":{"self":[{"href":"https:\/\/www.hotelniza.com\/fr\/wp-json\/wp\/v2\/pages\/456"}],"collection":[{"href":"https:\/\/www.hotelniza.com\/fr\/wp-json\/wp\/v2\/pages"}],"about":[{"href":"https:\/\/www.hotelniza.com\/fr\/wp-json\/wp\/v2\/types\/page"}],"author":[{"embeddable":true,"href":"https:\/\/www.hotelniza.com\/fr\/wp-json\/wp\/v2\/users\/1"}],"replies":[{"embeddable":true,"href":"https:\/\/www.hotelniza.com\/fr\/wp-json\/wp\/v2\/comments?post=456"}],"version-history":[{"count":29,"href":"https:\/\/www.hotelniza.com\/fr\/wp-json\/wp\/v2\/pages\/456\/revisions"}],"predecessor-version":[{"id":4326,"href":"https:\/\/www.hotelniza.com\/fr\/wp-json\/wp\/v2\/pages\/456\/revisions\/4326"}],"wp:featuredmedia":[{"embeddable":true,"href":"https:\/\/www.hotelniza.com\/fr\/wp-json\/wp\/v2\/media\/1470"}],"wp:attachment":[{"href":"https:\/\/www.hotelniza.com\/fr\/wp-json\/wp\/v2\/media?parent=456"}],"curies":[{"name":"wp","href":"https:\/\/api.w.org\/{rel}","templated":true}]}}