{"id":3470,"date":"2023-06-27T18:15:13","date_gmt":"2023-06-27T18:15:13","guid":{"rendered":"https:\/\/www.hotelniza.com\/san-sebastian\/"},"modified":"2025-02-03T11:08:55","modified_gmt":"2025-02-03T11:08:55","slug":"san-sebastian","status":"publish","type":"page","link":"https:\/\/www.hotelniza.com\/de\/san-sebastian\/","title":{"rendered":"SAN SEBASTI\u00c1N"},"content":{"rendered":"<div class='avia-image-container  av-styling-no-styling  noHover  av-overlay-hover-deactivate   margin-negativo avia-align- '  itemprop=\"ImageObject\" itemscope=\"itemscope\" itemtype=\"https:\/\/schema.org\/ImageObject\"  ><div class='avia-image-container-inner'><div class='av-image-caption-overlay'><div class='av-caption-image-overlay-bg' style='opacity:0.1; background-color:#000000; '><\/div><div class='av-image-caption-overlay-position'><div class='av-image-caption-overlay-center' style='color:#ffffff; font-size:21px; '><h1 class=\"titulo-sobre-imagen\">SAN SEBASTI\u00c1N<\/h1>\n<\/div><\/div><\/div><img class='avia_image ' src='https:\/\/www.hotelniza.com\/wp-content\/uploads\/2023\/06\/banner-san-sebastian-min-scaled.jpg' alt='' title='banner san sebastian-min'   itemprop=\"thumbnailUrl\"  \/><\/div><\/div>\n<\/div><\/div><\/div><!-- close content main div --><\/div><\/div><div id='av_section_1' class='avia-section main_color avia-section-no-padding avia-no-border-styling avia-bg-style-scroll    container_wrap fullsize' style = 'background-color: #ededed; '  ><div class='container' ><div class='template-page content  av-content-full alpha units'><div class='post-entry post-entry-type-page post-entry-3470'><div class='entry-content-wrapper clearfix'>\n<div style='height:50px' class='hr hr-invisible   '><span class='hr-inner ' ><span class='hr-inner-style'><\/span><\/span><\/div>\n<section class=\"av_textblock_section \"  itemscope=\"itemscope\" itemtype=\"https:\/\/schema.org\/CreativeWork\" ><div class='avia_textblock  '   itemprop=\"text\" ><p><center><\/center><\/p>\n<h2 class=\"titulo-h2\" style=\"text-align: center;\">\u201cDIE SCH\u00d6NE EASO\u201d<\/h2>\n<h3 class=\"titulo-h3-2\" style=\"text-align: center;\">VIEL MEHR ALS EINE H\u00dcBSCHE STADT<\/h3>\n<p class=\"puntos-suspensivos\" style=\"text-align: center;\">. . .<\/p>\n<\/div><\/section>\n<div class=\"flex_column av_one_fourth  flex_column_div av-zero-column-padding first  \" style='border-radius:0px; '><\/div><div class=\"flex_column av_one_half  flex_column_div av-zero-column-padding   \" style='border-radius:0px; '><div  class='avia-video avia-video-16-9   '  itemprop=\"video\" itemtype=\"https:\/\/schema.org\/VideoObject\" ><div class='avia-iframe-wrap'><iframe loading=\"lazy\" title=\"Donostia \/ San Sebasti\u00e1n\" width=\"1500\" height=\"844\" src=\"https:\/\/www.youtube.com\/embed\/WtBw6oOndB8?feature=oembed\" frameborder=\"0\" allow=\"accelerometer; autoplay; clipboard-write; encrypted-media; gyroscope; picture-in-picture; web-share\" allowfullscreen><\/iframe><\/div><\/div><\/div><div class=\"flex_column av_one_fourth  flex_column_div av-zero-column-padding   \" style='border-radius:0px; '><\/div><div class='avia-button-wrap avia-button-center  '><a href='https:\/\/engine.witbooking.com\/hotelniza.com\/availability' class='avia-button   avia-icon_select-no avia-color-theme-color avia-size-x-large avia-position-center '  target=\"_blank\"   ><span class='avia_iconbox_title' >BUCHEN SIE IHREN AUFENTHALT IN SAN SEBASTI\u00c1N<\/span><\/a><\/div>\n<div style='height:50px' class='hr hr-invisible   '><span class='hr-inner ' ><span class='hr-inner-style'><\/span><\/span><\/div>\n<div class=\"flex_column av_one_full  no_margin flex_column_div av-zero-column-padding first   \" style='margin-top:0px; margin-bottom:0px; background-color:#ffffff; border-radius:0px; '><p><div style='height:50px' class='hr hr-invisible   '><span class='hr-inner ' ><span class='hr-inner-style'><\/span><\/span><\/div><br \/>\n<div style='height:50px' class='hr hr-invisible   '><span class='hr-inner ' ><span class='hr-inner-style'><\/span><\/span><\/div><br \/>\n<section class=\"av_textblock_section \"  itemscope=\"itemscope\" itemtype=\"https:\/\/schema.org\/CreativeWork\" ><div class='avia_textblock  '   itemprop=\"text\" ><p><center><\/center><\/p>\n<h4 class=\"texto-frase\" style=\"text-align: center;\">Alles ist noch zu entdecken.<br \/>\nZu glauben, dass wir alles kennen, ist ein M\u00e4rchen.<\/h4>\n<p class=\"puntos-suspensivos\" style=\"text-align: center;\">. . .<\/p>\n<p class=\"eduardo\" style=\"text-align: center;\">Eduardo Chillida<\/p>\n<\/div><\/section><br \/>\n<div style='height:50px' class='hr hr-invisible   '><span class='hr-inner ' ><span class='hr-inner-style'><\/span><\/span><\/div><\/p><\/div><div class=\"flex_column av_one_full  no_margin flex_column_div av-zero-column-padding first   \" style='background-color:#ededed; border-radius:0px; '><p><div style='height:50px' class='hr hr-invisible   '><span class='hr-inner ' ><span class='hr-inner-style'><\/span><\/span><\/div><br \/>\n<section class=\"av_textblock_section \"  itemscope=\"itemscope\" itemtype=\"https:\/\/schema.org\/CreativeWork\" ><div class='avia_textblock  '   itemprop=\"text\" ><p><center><\/center><\/p>\n<h2 class=\"titulo-h2\" style=\"text-align: center;\">DIE STADT HAT ALLES ZU BIETEN<\/h2>\n<p class=\"puntos-suspensivos\" style=\"text-align: center;\">. . .<\/p>\n<p class=\"texto-interno\" style=\"text-align: center;\">San Sebasti\u00e1n ist ein sehr vielseitiges Reiseziel mit touristischer Aktivit\u00e4t das ganze Jahr \u00fcber.<\/p>\n<\/div><\/section><\/p><\/div><\/div><\/div><\/div><!-- close content main div --><\/div><\/div><div id='av_section_2' class='avia-section main_color avia-section-no-padding avia-no-border-styling avia-bg-style-scroll  ancho-reducido  container_wrap fullsize' style = 'background-color: #ededed; '  ><div class='container' ><div class='template-page content  av-content-full alpha units'><div class='post-entry post-entry-type-page post-entry-3470'><div class='entry-content-wrapper clearfix'>\n<div class=\"flex_column av_one_third  flex_column_div av-zero-column-padding first   \" style='margin-top:0px; margin-bottom:0px; border-radius:0px; '><section class=\"av_textblock_section \"  itemscope=\"itemscope\" itemtype=\"https:\/\/schema.org\/CreativeWork\" ><div class='avia_textblock  '   itemprop=\"text\" ><h3 class=\"titulo-h3-azul\">NATUR UND SPORT<\/h3>\n<\/div><\/section><br \/>\n<div class='avia-image-container  av-styling-     avia-align-center '  itemprop=\"ImageObject\" itemscope=\"itemscope\" itemtype=\"https:\/\/schema.org\/ImageObject\"  ><div class='avia-image-container-inner'><img class='avia_image ' src='https:\/\/www.hotelniza.com\/wp-content\/uploads\/2023\/06\/naturaleza-y-deporte-san-sebastian-min.jpg' alt='naturaleza y deporte san sebastian' title='naturaleza y deporte san sebastian-min'   itemprop=\"thumbnailUrl\"  \/><\/div><\/div><br \/>\n<section class=\"av_textblock_section \"  itemscope=\"itemscope\" itemtype=\"https:\/\/schema.org\/CreativeWork\" ><div class='avia_textblock  '   itemprop=\"text\" ><p class=\"texto-interno-2\">Drei wunderbare Str\u00e4nde, die in die Stadt integriert sind, umgeben von Bergen voller Natur und vielf\u00e4ltigen Landschaften, nur wenige Meter vom Stadtzentrum entfernt, vervollst\u00e4ndigen das Angebot an Aktivit\u00e4ten.<\/p>\n<p class=\"texto-interno-2\">Traditionelle baskische Wand-Ballspiele wie Pelota Mano oder Cesta Punta, Ruderregatten, l\u00e4ndliche Sportarten mit langer Tradition (Herri Kirolak) oder die Real Sociedad als Speerspitze des gipuzkoanischen Fu\u00dfballs und die gro\u00dfe Surfergemeinde sind Beispiele daf\u00fcr, wie der Sport den Charakter dieser Stadt pr\u00e4gt.<\/p>\n<\/div><\/section><\/p><\/div><div class=\"flex_column av_one_third  flex_column_div av-zero-column-padding   \" style='margin-top:0px; margin-bottom:0px; border-radius:0px; '><section class=\"av_textblock_section \"  itemscope=\"itemscope\" itemtype=\"https:\/\/schema.org\/CreativeWork\" ><div class='avia_textblock  '   itemprop=\"text\" ><h3 class=\"titulo-h3-azul\">KULTUR<\/h3>\n<\/div><\/section><br \/>\n<div class='avia-image-container  av-styling-     avia-align-center '  itemprop=\"ImageObject\" itemscope=\"itemscope\" itemtype=\"https:\/\/schema.org\/ImageObject\"  ><div class='avia-image-container-inner'><img class='avia_image ' src='https:\/\/www.hotelniza.com\/wp-content\/uploads\/2023\/06\/cultura-san-sebastian-min.jpg' alt='cultura san sebastian' title='cultura san sebastian-min'   itemprop=\"thumbnailUrl\"  \/><\/div><\/div><br \/>\n<section class=\"av_textblock_section \"  itemscope=\"itemscope\" itemtype=\"https:\/\/schema.org\/CreativeWork\" ><div class='avia_textblock  '   itemprop=\"text\" ><p class=\"texto-interno-2\">Die internationalen Filmfestspiele und das internationale Jazzfestival, das Museum San Telmo, das Chillida-Leku-Museum und gro\u00dfformatige urbane Werke von K\u00fcnstlern wie Chillida und Oteiza sowie die Musiktraditionen und die lokale Folklore machen diese Stadt zu einer sehr umfassenden kulturellen Attraktion.<\/p>\n<\/div><\/section><\/p><\/div><div class=\"flex_column av_one_third  flex_column_div av-zero-column-padding   \" style='margin-top:0px; margin-bottom:0px; border-radius:0px; '><section class=\"av_textblock_section \"  itemscope=\"itemscope\" itemtype=\"https:\/\/schema.org\/CreativeWork\" ><div class='avia_textblock  '   itemprop=\"text\" ><h3 class=\"titulo-h3-azul\">TRADITION UND AVANTGARDE<\/h3>\n<\/div><\/section><br \/>\n<div class='avia-image-container  av-styling-     avia-align-center '  itemprop=\"ImageObject\" itemscope=\"itemscope\" itemtype=\"https:\/\/schema.org\/ImageObject\"  ><div class='avia-image-container-inner'><img class='avia_image ' src='https:\/\/www.hotelniza.com\/wp-content\/uploads\/2023\/06\/tradicion-y-vanguardia-san-sebastian-min.jpg' alt='tradicion y vanguardia san sebastian' title='tradicion y vanguardia san sebastian-min'   itemprop=\"thumbnailUrl\"  \/><\/div><\/div><br \/>\n<section class=\"av_textblock_section \"  itemscope=\"itemscope\" itemtype=\"https:\/\/schema.org\/CreativeWork\" ><div class='avia_textblock  '   itemprop=\"text\" ><p class=\"texto-interno-2\">An der Skyline der Stadt l\u00e4sst sich die Koexistenz von Tradition und Innovation erkennen.<\/p>\n<p class=\"texto-interno-2\">Dies zeigt sich in der Architektur der verschiedenen Stadtteile, wenn man durch ihre Stra\u00dfen spaziert, in ihren Gesch\u00e4ften einkauft und ihre Sehensw\u00fcrdigkeiten besichtigt.<\/p>\n<p class=\"texto-interno-2\">Die Gastronomie bildet da keine Ausnahme. Bars und Restaurants bieten eine Fusion von Neuem und Althergebrachtem, die auf der Qualit\u00e4t der EINHEIMISCHEN Rohstoffe UND IHRER SORGF\u00c4LTIGEN ZUBEREITUNG, aber auch auf dem akkuraten Umgang mit ihnen beruht.<\/p>\n<\/div><\/section><br \/>\n<div style='height:50px' class='hr hr-invisible   '><span class='hr-inner ' ><span class='hr-inner-style'><\/span><\/span><\/div><\/p><\/div>\n<\/p>\n<\/div><\/div><\/div><!-- close content main div --><\/div><\/div><div id='av_section_3' class='avia-section main_color avia-section-default avia-no-shadow avia-bg-style-scroll  ancho-reducido  container_wrap fullsize'   ><div class='container' ><div class='template-page content  av-content-full alpha units'><div class='post-entry post-entry-type-page post-entry-3470'><div class='entry-content-wrapper clearfix'>\n<section class=\"av_textblock_section \"  itemscope=\"itemscope\" itemtype=\"https:\/\/schema.org\/CreativeWork\" ><div class='avia_textblock  '   itemprop=\"text\" ><p><center><\/center><\/p>\n<h2 class=\"titulo-h2\" style=\"text-align: center;\">KUNST<\/h2>\n<p class=\"puntos-suspensivos\" style=\"text-align: center;\">. . .<\/p>\n<\/div><\/section>\n<div class=\"flex_column av_one_half  flex_column_div av-zero-column-padding first  \" style='border-radius:0px; '><div class='avia-image-container  av-styling-     avia-align-center '  itemprop=\"ImageObject\" itemscope=\"itemscope\" itemtype=\"https:\/\/schema.org\/ImageObject\"  ><div class='avia-image-container-inner'><img class='avia_image ' src='https:\/\/www.hotelniza.com\/wp-content\/uploads\/2023\/06\/diseno-web-hotel-niza-03-1080x630.jpg' alt='paisaje san sebastian' title='dise\u00f1o-web-hotel-niza-03'   itemprop=\"thumbnailUrl\"  \/><\/div><\/div><\/div><div class=\"flex_column av_one_half  flex_column_div av-zero-column-padding   \" style='border-radius:0px; '><section class=\"av_textblock_section \"  itemscope=\"itemscope\" itemtype=\"https:\/\/schema.org\/CreativeWork\" ><div class='avia_textblock  '   itemprop=\"text\" ><p class=\"texto-frase-2\">Die Geschichte und der Charakter des Hotels sind durch den Nachnamen Chillida eng mit der Kunst verbunden.<\/p>\n<h3 class=\"titulo-h3\">CHILLIDA-LEKU-MUSEUM<\/h3>\n<p class=\"texto-interno-2\">Das Chillida Leku ist ein einzigartiges Museum, das an sich schon ein gro\u00dfes Kunstwerk ist.<\/p>\n<p class=\"texto-interno-2\">Hier findet die Verschmelzung von Kunst und Natur auf nat\u00fcrliche Art und Weise statt. Die Skulpturen f\u00fcgen sich in die Landschaft ein, als ob sie schon immer ein Teil von ihr gewesen w\u00e4ren.<\/p>\n<p class=\"texto-interno-2\">Im Garten stehen Buchen, Eichen und Magnolien neben den monumentalen Stahl- und Granitskulpturen in perfektem Dialog mit ihrer Umgebung.<\/p>\n<\/div><\/section><\/div><div style='height:50px' class='hr hr-invisible   '><span class='hr-inner ' ><span class='hr-inner-style'><\/span><\/span><\/div>\n<section class=\"av_textblock_section \"  itemscope=\"itemscope\" itemtype=\"https:\/\/schema.org\/CreativeWork\" ><div class='avia_textblock  '   itemprop=\"text\" ><p><center><\/center><\/p>\n<p class=\"texto-frase-2\" style=\"text-align: center;\">BESUCHEN SIE DAS <a href=\"https:\/\/tickets.museochillidaleku.com\/content?lang=es#\">CHILLIDA-LEKU-MUSEUM<\/a><\/p>\n<\/div><\/section>\n<div style='height:50px' class='hr hr-invisible   '><span class='hr-inner ' ><span class='hr-inner-style'><\/span><\/span><\/div><\/p>\n<\/div><\/div><\/div><!-- close content main div --><\/div><\/div><div id='av-layout-grid-1' class='av-layout-grid-container entry-content-wrapper main_color av-flex-cells    fondo-gris container_wrap fullsize'   >\n<div class=\"flex_cell no_margin av_one_half    \" style='vertical-align:middle; padding:30px; '><div class='flex_cell_inner' ><section class=\"av_textblock_section \"  itemscope=\"itemscope\" itemtype=\"https:\/\/schema.org\/CreativeWork\" ><div class='avia_textblock  '   itemprop=\"text\" ><p class=\"texto-interno\">Das <b>Hotel Niza in San Sebasti\u00e1n <\/b>ist ein emblematisches Familienhotel in hervorragender Lage direkt am Strand La Concha, das alles bietet: Zimmer mit Blick auf die Bucht, ein kulinarisches Angebot, das zum Genie\u00dfen mit allen f\u00fcnf Sinnen einl\u00e4dt, und den Zauber einer der sch\u00f6nsten St\u00e4dte der Welt in Reichweite.<\/p>\n<p><img loading=\"lazy\" decoding=\"async\" class=\"alignnone wp-image-3918\" src=\"https:\/\/www.hotelniza.com\/wp-content\/uploads\/2024\/12\/Logo-GV.png\" alt=\"\" width=\"178\" height=\"101\" srcset=\"https:\/\/www.hotelniza.com\/wp-content\/uploads\/2024\/12\/Logo-GV.png 1070w, https:\/\/www.hotelniza.com\/wp-content\/uploads\/2024\/12\/Logo-GV-300x171.png 300w, https:\/\/www.hotelniza.com\/wp-content\/uploads\/2024\/12\/Logo-GV-1030x588.png 1030w, https:\/\/www.hotelniza.com\/wp-content\/uploads\/2024\/12\/Logo-GV-768x439.png 768w, https:\/\/www.hotelniza.com\/wp-content\/uploads\/2024\/12\/Logo-GV-705x403.png 705w, https:\/\/www.hotelniza.com\/wp-content\/uploads\/2024\/12\/Logo-GV-450x257.png 450w\" sizes=\"(max-width: 178px) 100vw, 178px\" \/><\/p>\n<\/div><\/section>\n<\/div><\/div><div class=\"flex_cell no_margin av_one_fourth    \" style='vertical-align:middle; padding:30px; '><div class='flex_cell_inner' ><section class=\"av_textblock_section \"  itemscope=\"itemscope\" itemtype=\"https:\/\/schema.org\/CreativeWork\" ><div class='avia_textblock  '   itemprop=\"text\" ><h3 class=\"titulo-subrayado\">ABSCHNITTE<\/h3>\n<\/div><\/section><br \/>\n<div style=' margin-top:0px; margin-bottom:2px;'  class='hr hr-custom hr-left hr-icon-no   '><span class='hr-inner   inner-border-av-border-thin' style=' width:155px; border-color:#000000;' ><span class='hr-inner-style'><\/span><\/span><\/div><br \/>\n<section class=\"av_textblock_section \"  itemscope=\"itemscope\" itemtype=\"https:\/\/schema.org\/CreativeWork\" ><div class='avia_textblock  '   itemprop=\"text\" ><div class=\"enlaces-footer\">\n<ul class=\"lista\">\n<li><a href=\"\/de\/das-hotel\/\">DAS HOTEL<\/a><\/li>\n<li><a href=\"\/de\/san-sebastian\/\">SAN SEBASTI\u00c1N<\/a><\/li>\n<li><a href=\"\/de\/kulinarik\/\">KULINARIK<\/a><\/li>\n<li><a href=\"\/de\/niza-verschenken\/\">NIZA VERSCHENKEN<\/a><\/li>\n<li><a href=\"\/de\/kontakt\/\">KONTAKT<\/a><\/li>\n<\/ul>\n<\/div>\n<\/div><\/section><\/p>\n<\/div><\/div><div class=\"flex_cell no_margin av_one_fourth    \" style='vertical-align:middle; padding:30px; '><div class='flex_cell_inner' ><section class=\"av_textblock_section \"  itemscope=\"itemscope\" itemtype=\"https:\/\/schema.org\/CreativeWork\" ><div class='avia_textblock  '   itemprop=\"text\" ><h3 class=\"titulo-h3\">KONTAKT<\/h3>\n<\/div><\/section><br \/>\n<div class='avia-icon-list-container   '><ul class='avia-icon-list avia-icon-list-left av-iconlist-small avia_animate_when_almost_visible'>\n<li><div  style='background-color:#cccccc; color:#000000; ' class='iconlist_icon  avia-font-entypo-fontello'><span class='iconlist-char ' aria-hidden='true' data-av_icon='\ue842' data-av_iconfont='entypo-fontello'><\/span><\/div><article class=\"article-icon-entry \"  itemscope=\"itemscope\" itemtype=\"https:\/\/schema.org\/CreativeWork\" ><div class='iconlist_content_wrap'><header class=\"entry-content-header\"><\/header><div class='iconlist_content  '  itemprop=\"text\"   style='font-size:17px; '><p>C\/ Zubieta 56, 20007<br \/>\nSan Sebati\u00e1n, Guipuzcoa<\/p>\n<\/div><\/div><footer class=\"entry-footer\"><\/footer><\/article><div class='iconlist-timeline'><\/div><\/li>\n<li><div  style='background-color:#cccccc; color:#000000; ' class='iconlist_icon  avia-font-entypo-fontello'><span class='iconlist-char ' aria-hidden='true' data-av_icon='\ue854' data-av_iconfont='entypo-fontello'><\/span><\/div><article class=\"article-icon-entry \"  itemscope=\"itemscope\" itemtype=\"https:\/\/schema.org\/CreativeWork\" ><div class='iconlist_content_wrap'><header class=\"entry-content-header\"><\/header><div class='iconlist_content  '  itemprop=\"text\"   style='font-size:17px; '><p>0034 943 426 663<\/p>\n<\/div><\/div><footer class=\"entry-footer\"><\/footer><\/article><div class='iconlist-timeline'><\/div><\/li>\n<li><div  style='background-color:#cccccc; color:#000000; ' class='iconlist_icon  avia-font-entypo-fontello'><span class='iconlist-char ' aria-hidden='true' data-av_icon='\ue805' data-av_iconfont='entypo-fontello'><\/span><\/div><article class=\"article-icon-entry \"  itemscope=\"itemscope\" itemtype=\"https:\/\/schema.org\/CreativeWork\" ><div class='iconlist_content_wrap'><header class=\"entry-content-header\"><\/header><div class='iconlist_content  '  itemprop=\"text\"   style='font-size:17px; '><p>reservas@hotelniza.com<br \/>\nLRH : HSS00003<\/p>\n<\/div><\/div><footer class=\"entry-footer\"><\/footer><\/article><div class='iconlist-timeline'><\/div><\/li>\n<\/ul><\/div><\/p>\n<\/div><\/div>\n<\/div>\n<\/div><\/div><\/div><!-- close content main div --><\/div><\/div><div id='av-layout-grid-2' class='av-layout-grid-container entry-content-wrapper main_color av-flex-cells    fondo-negro container_wrap fullsize'   >\n<div class=\"flex_cell no_margin av_one_fifth   \" style='vertical-align:top; padding:30px; '><div class='flex_cell_inner' ><section class=\"av_textblock_section \"  itemscope=\"itemscope\" itemtype=\"https:\/\/schema.org\/CreativeWork\" ><div class='avia_textblock  '   itemprop=\"text\" ><p class=\"texto-copy\">\u00a9 Hotel Niza 2023<\/p>\n<\/div><\/section>\n<\/div><\/div><div class=\"flex_cell no_margin av_three_fifth   \" style='vertical-align:top; padding:30px; '><div class='flex_cell_inner' ><section class=\"av_textblock_section \"  itemscope=\"itemscope\" itemtype=\"https:\/\/schema.org\/CreativeWork\" ><div class='avia_textblock  '   itemprop=\"text\" ><p class=\"texto-legales\"><a href=\"\/de\/datenschutz\/\">Datenschutz<\/a> | <a href=\"\/politica-de-cookies\/\">Cookie-Richtlinie<\/a> | <a href=\"\/de\/rechtlicher-hinweis\/\">Rechtlicher hinweis<\/a><\/p>\n<\/div><\/section>\n<\/div><\/div><div class=\"flex_cell no_margin av_one_fifth   \" style='vertical-align:top; padding:30px; '><div class='flex_cell_inner' ><section class=\"avia_codeblock_section  avia_code_block_0\"  itemscope=\"itemscope\" itemtype=\"https:\/\/schema.org\/CreativeWork\" ><div class='avia_codeblock '  itemprop=\"text\" > [avia_codeblock_placeholder uid=\"0\"] <\/div><\/section>\n<\/div><\/div>\n<\/div>\n","protected":false},"excerpt":{"rendered":"","protected":false},"author":3,"featured_media":0,"parent":0,"menu_order":0,"comment_status":"closed","ping_status":"closed","template":"","meta":{"footnotes":""},"_links":{"self":[{"href":"https:\/\/www.hotelniza.com\/de\/wp-json\/wp\/v2\/pages\/3470"}],"collection":[{"href":"https:\/\/www.hotelniza.com\/de\/wp-json\/wp\/v2\/pages"}],"about":[{"href":"https:\/\/www.hotelniza.com\/de\/wp-json\/wp\/v2\/types\/page"}],"author":[{"embeddable":true,"href":"https:\/\/www.hotelniza.com\/de\/wp-json\/wp\/v2\/users\/3"}],"replies":[{"embeddable":true,"href":"https:\/\/www.hotelniza.com\/de\/wp-json\/wp\/v2\/comments?post=3470"}],"version-history":[{"count":4,"href":"https:\/\/www.hotelniza.com\/de\/wp-json\/wp\/v2\/pages\/3470\/revisions"}],"predecessor-version":[{"id":3976,"href":"https:\/\/www.hotelniza.com\/de\/wp-json\/wp\/v2\/pages\/3470\/revisions\/3976"}],"wp:attachment":[{"href":"https:\/\/www.hotelniza.com\/de\/wp-json\/wp\/v2\/media?parent=3470"}],"curies":[{"name":"wp","href":"https:\/\/api.w.org\/{rel}","templated":true}]}}